{"id":1803,"date":"2020-05-13T16:26:08","date_gmt":"2020-05-13T13:26:08","guid":{"rendered":"https:\/\/www.eventure.fi\/eventuren-korona-tiedote-2020\/"},"modified":"2023-03-21T18:11:33","modified_gmt":"2023-03-21T16:11:33","slug":"eventures-information-on-covid-19","status":"publish","type":"page","link":"https:\/\/www.eventure.fi\/en\/eventures-information-on-covid-19\/","title":{"rendered":"Eventure&#8217;s information on Covid-19"},"content":{"rendered":"<p><strong>Special arrangements at Yli-Takkulan tila&#8217;s rural estate during the COVID-19<\/strong><\/p>\n<p>When needed, we do our best to take into account the necessary safety factors, so that our customers can safely organize events at Yli-Takkulan tila rural estate during the COVID-19 epidemic, by following guidelines provided by local health authorities.<\/p>\n<p><strong>Here are some of the actions we are taking:<\/strong><\/p>\n<ul>\n<li>High-touch areas, such as bathrooms and door handles, are disinfected and cleaned with high frequency. Disposable towels can be found in the toilet facilities.<\/li>\n<li>All activity equipment will be disinfected before your event with appropriate cleaning or disinfecting agents.<\/li>\n<li>Hand sanitizer are available to our customers. We also pay attention to safety distances.<\/li>\n<\/ul>\n<p>In dining, we take into account safety intervals and hygiene, both in the meals themselves and when collecting portions. Our chef will serve the desired portion of the buffet for each diner if you wish.<\/p>\n<p>The meeting and dining facilities at the Yli-Takkulan tila venue are available in accordance with the recommendations of the authorities, either with normal numbers of people or with all participants having their own seating or safety intervals. We follow the instructions of the authorities.<\/p>\n<p><a href=\"https:\/\/www.eventure.fi\/en\/basecamp-yli-takkula\/barn-attic\/\"><strong>Barn Attic<\/strong><\/a> &#8211; In warm weather (no heating). Normally 100 people. Every other place utilizing 50 people. At a safety distance of about 1 meter, 42 people.<\/p>\n<p><a href=\"https:\/\/www.eventure.fi\/en\/basecamp-yli-takkula\/villa-takkula\/\"><strong>Villa Takkula<\/strong><\/a> &#8211; All year round. At the meeting \/ dining room table: Normally 18-20 people. Every other place utilizing 10 people. At a safety distance of about 1 meter, 8 people. For evenings and parties, utilizing Villa Takkula&#8217;s other facilities as well. Total: Normally 30 people. Every other place utilizing 20 people. At a safety distance of about 1 meter, 18 people.<\/p>\n<p><strong>There is an Air-to-air heat pump at Villa Takkula<\/strong> (<span id=\"tgtAlignment_4\" class=\"ts-alignment-element\" data-is-focusable=\"true\">The<\/span> <span id=\"tgtAlignment_5\" class=\"ts-alignment-element\" data-is-focusable=\"true\">device<\/span> <span id=\"tgtAlignment_6\" class=\"ts-alignment-element\" data-is-focusable=\"true\">has<\/span> an <span id=\"tgtAlignment_7\" class=\"ts-alignment-element\" data-is-focusable=\"true\">&#8220;Air<\/span> <span id=\"tgtAlignment_8\" class=\"ts-alignment-element\" data-is-focusable=\"true\">purifying&#8221;<\/span> <span id=\"tgtAlignment_9\" class=\"ts-alignment-element\" data-is-focusable=\"true\">function<\/span> <strong><span id=\"tgtAlignment_10\" class=\"ts-alignment-element\" data-is-focusable=\"true\">that<\/span> <span id=\"tgtAlignment_11\" class=\"ts-alignment-element\" data-is-focusable=\"true\">removes<\/span> <\/strong><span id=\"tgtAlignment_12\" class=\"ts-alignment-element\" data-is-focusable=\"true\"><strong>viruses<\/strong>,<\/span> <span id=\"tgtAlignment_13\" class=\"ts-alignment-element\" data-is-focusable=\"true\">fungal<\/span> <span id=\"tgtAlignment_14\" class=\"ts-alignment-element\" data-is-focusable=\"true\">growth,<\/span> <span id=\"tgtAlignment_15\" class=\"ts-alignment-element\" data-is-focusable=\"true\">mould<\/span> and <span id=\"tgtAlignment_16\" class=\"ts-alignment-element\" data-is-focusable=\"true\">allergenic<\/span> substances <span id=\"tgtAlignment_17\" class=\"ts-alignment-element\" data-is-focusable=\"true\">from<\/span> <span id=\"tgtAlignment_18\" class=\"ts-alignment-element\" data-is-focusable=\"true\">the<\/span> <span id=\"tgtAlignment_19\" class=\"ts-alignment-element\" data-is-focusable=\"true\">air<\/span>)<\/p>\n<p><a href=\"https:\/\/www.eventure.fi\/en\/basecamp-yli-takkula\/kota-lappish-shelter-teepee\/\"><strong>Kota<\/strong> <\/a>(Lappish shelter\/Teepee) with open fire &#8211; Year Round. Normally 48 people (at winter 40). Every other place utilizing 24 people (at winter 20). 15 people at safety intervals of about 1 meter.<\/p>\n<p>If you want to avoid bus transportation during covid-19, there is parking space for about 24 cars on the farm. Even more cars can fit if the participants leave at the same times and the cars are parked in a tight queue. Normally we recommend arriving by charter bus. The farm can accommodate a 60-person bus.<\/p>\n<p>However, stay home if you have any flu symptoms before the event.\u00a0Doing so will protect others and prevent the possible spread of the virus.<\/p>\n<p><b>Examples of activities where safety distances can be kept:<\/b><\/p>\n<ul>\n<li><span style=\"color: #ff9900;\"><strong>Raft &amp; Hike<\/strong><\/span> &#8211; Paddling with rafts to hidden questions and hiking in Nuuksio National Park<\/li>\n<li><span style=\"color: #ff9900;\"><strong>Rescue suit swimming<\/strong><\/span> &#8211; Extreme experience in cold waters or even on &amp; through thin ice<\/li>\n<li><span style=\"color: #ff9900;\"><strong>Hiking trip<\/strong><\/span> &#8211; Get the best of Finnish nature<\/li>\n<li><span style=\"color: #ff9900;\"><strong>FAT- and Kickbike<\/strong><span style=\"color: #000000;\"> &#8211;<\/span><\/span><span style=\"color: #000000;\">\u00a0<\/span>A more active activity (can be combined with e.g. hiking and\/or raft paddling)<\/li>\n<li><span style=\"color: #ff9900;\"><strong>Rescue Rafts<\/strong><\/span> &#8211; Rescue suit adventure with rafts<\/li>\n<li><span style=\"color: #ff9900;\"><strong>Sea &amp; Shore Expeditions<\/strong><\/span> &#8211; Raft paddling, Archery, Flag signalling &amp; earning mystical hints<\/li>\n<li><span style=\"color: #ff9900;\"><strong>Kayaking or canoeing trip<\/strong><\/span> &#8211; Exploring the beautiful lakes and archipelago by paddling<\/li>\n<li><span style=\"color: #ff9900;\"><strong>Ultima problema<\/strong><span style=\"color: #000000;\"> &#8211;<\/span><\/span><span style=\"color: #000000;\">\u00a0<\/span>Team- &amp; problem solving tasks and all of\u00a0our\u00a0other\u00a0activities and programs\u00a0succeed for groups that are in contact with each other anyway.<\/li>\n<li><span style=\"color: #ff9900;\"><a href=\"https:\/\/www.eventure.fi\/en\/program\/snowshoe-hike\/\"><strong><span style=\"color: #ff9900;\">Snowshoe trek<\/span><\/strong><\/a> <span style=\"color: #000000;\">&#8211; Get the best of Finnish winter nature<\/span><\/span><\/li>\n<li><a href=\"https:\/\/www.eventure.fi\/en\/program\/arctic-explorers\/\"><strong><span style=\"color: #ff9900;\">Cross country skiing<\/span><\/strong><\/a> &#8211;\u00a0 Get familiar with the Finnish way to enjoy winter<\/li>\n<\/ul>\n<p>Read more of our activities <a href=\"https:\/\/www.eventure.fi\/en\/activities\/\"><span style=\"text-decoration: underline;\"><strong><span style=\"color: #ff9900; text-decoration: underline;\">here<\/span><\/strong><\/span><\/a><\/p>\n<p id=\"tw-target-text\" class=\"tw-data-text tw-text-large XcVN5d tw-ta\" dir=\"ltr\" data-placeholder=\"K\u00e4\u00e4nn\u00f6s\"><strong><span class=\"Y2IQFc\" lang=\"en\">Please let us know when booking if you would like to have special Covid arrangements at your event.<\/span><\/strong><\/p>\n<p>Please contact us if you need more information about our activities or our services. We will be happy to help you implement a successful event on Yli-Takkulan tila&#8217;s rural estate.<\/p>\n<p>Stay safe,<\/p>\n<p>Eventure team<\/p>\n","protected":false},"excerpt":{"rendered":"<p>Special arrangements at Yli-Takkulan tila&#8217;s rural estate during the COVID-19 When needed, we do our best to take into account the necessary safety factors, so that our customers can safely organize events at Yli-Takkulan tila rural estate during the COVID-19 epidemic, by following guidelines provided by local health authorities. Here are some of the actions [&hellip;]<\/p>\n","protected":false},"author":2,"featured_media":0,"parent":0,"menu_order":0,"comment_status":"closed","ping_status":"closed","template":"","meta":{"footnotes":""},"class_list":["post-1803","page","type-page","status-publish","hentry"],"yoast_head":"<!-- This site is optimized with the Yoast SEO plugin v27.3 - https:\/\/yoast.com\/product\/yoast-seo-wordpress\/ -->\n<title>Eventure&#039;s information on Covid-19 - Eventure<\/title>\n<meta name=\"robots\" content=\"index, follow, max-snippet:-1, max-image-preview:large, max-video-preview:-1\" \/>\n<link rel=\"canonical\" href=\"https:\/\/www.eventure.fi\/en\/eventures-information-on-covid-19\/\" \/>\n<meta property=\"og:locale\" content=\"en_US\" \/>\n<meta property=\"og:type\" content=\"article\" \/>\n<meta property=\"og:title\" content=\"Eventure&#039;s information on Covid-19 - Eventure\" \/>\n<meta property=\"og:description\" content=\"Special arrangements at Yli-Takkulan tila&#8217;s rural estate during the COVID-19 When needed, we do our best to take into account the necessary safety factors, so that our customers can safely organize events at Yli-Takkulan tila rural estate during the COVID-19 epidemic, by following guidelines provided by local health authorities. Here are some of the actions [&hellip;]\" \/>\n<meta property=\"og:url\" content=\"https:\/\/www.eventure.fi\/en\/eventures-information-on-covid-19\/\" \/>\n<meta property=\"og:site_name\" content=\"Eventure\" \/>\n<meta property=\"article:modified_time\" content=\"2023-03-21T16:11:33+00:00\" \/>\n<meta name=\"twitter:card\" content=\"summary_large_image\" \/>\n<meta name=\"twitter:label1\" content=\"Est. reading time\" \/>\n\t<meta name=\"twitter:data1\" content=\"4 minutes\" \/>\n<script type=\"application\/ld+json\" class=\"yoast-schema-graph\">{\"@context\":\"https:\\\/\\\/schema.org\",\"@graph\":[{\"@type\":\"WebPage\",\"@id\":\"https:\\\/\\\/www.eventure.fi\\\/en\\\/eventures-information-on-covid-19\\\/\",\"url\":\"https:\\\/\\\/www.eventure.fi\\\/en\\\/eventures-information-on-covid-19\\\/\",\"name\":\"Eventure's information on Covid-19 - Eventure\",\"isPartOf\":{\"@id\":\"https:\\\/\\\/www.eventure.fi\\\/#website\"},\"datePublished\":\"2020-05-13T13:26:08+00:00\",\"dateModified\":\"2023-03-21T16:11:33+00:00\",\"breadcrumb\":{\"@id\":\"https:\\\/\\\/www.eventure.fi\\\/en\\\/eventures-information-on-covid-19\\\/#breadcrumb\"},\"inLanguage\":\"en-US\",\"potentialAction\":[{\"@type\":\"ReadAction\",\"target\":[\"https:\\\/\\\/www.eventure.fi\\\/en\\\/eventures-information-on-covid-19\\\/\"]}]},{\"@type\":\"BreadcrumbList\",\"@id\":\"https:\\\/\\\/www.eventure.fi\\\/en\\\/eventures-information-on-covid-19\\\/#breadcrumb\",\"itemListElement\":[{\"@type\":\"ListItem\",\"position\":1,\"name\":\"Etusivu\",\"item\":\"https:\\\/\\\/www.eventure.fi\\\/en\\\/\"},{\"@type\":\"ListItem\",\"position\":2,\"name\":\"Eventure&#8217;s information on Covid-19\"}]},{\"@type\":\"WebSite\",\"@id\":\"https:\\\/\\\/www.eventure.fi\\\/#website\",\"url\":\"https:\\\/\\\/www.eventure.fi\\\/\",\"name\":\"Eventure\",\"description\":\"Toward new adventures!\",\"potentialAction\":[{\"@type\":\"SearchAction\",\"target\":{\"@type\":\"EntryPoint\",\"urlTemplate\":\"https:\\\/\\\/www.eventure.fi\\\/?s={search_term_string}\"},\"query-input\":{\"@type\":\"PropertyValueSpecification\",\"valueRequired\":true,\"valueName\":\"search_term_string\"}}],\"inLanguage\":\"en-US\"}]}<\/script>\n<!-- \/ Yoast SEO plugin. -->","yoast_head_json":{"title":"Eventure's information on Covid-19 - Eventure","robots":{"index":"index","follow":"follow","max-snippet":"max-snippet:-1","max-image-preview":"max-image-preview:large","max-video-preview":"max-video-preview:-1"},"canonical":"https:\/\/www.eventure.fi\/en\/eventures-information-on-covid-19\/","og_locale":"en_US","og_type":"article","og_title":"Eventure's information on Covid-19 - Eventure","og_description":"Special arrangements at Yli-Takkulan tila&#8217;s rural estate during the COVID-19 When needed, we do our best to take into account the necessary safety factors, so that our customers can safely organize events at Yli-Takkulan tila rural estate during the COVID-19 epidemic, by following guidelines provided by local health authorities. Here are some of the actions [&hellip;]","og_url":"https:\/\/www.eventure.fi\/en\/eventures-information-on-covid-19\/","og_site_name":"Eventure","article_modified_time":"2023-03-21T16:11:33+00:00","twitter_card":"summary_large_image","twitter_misc":{"Est. reading time":"4 minutes"},"schema":{"@context":"https:\/\/schema.org","@graph":[{"@type":"WebPage","@id":"https:\/\/www.eventure.fi\/en\/eventures-information-on-covid-19\/","url":"https:\/\/www.eventure.fi\/en\/eventures-information-on-covid-19\/","name":"Eventure's information on Covid-19 - Eventure","isPartOf":{"@id":"https:\/\/www.eventure.fi\/#website"},"datePublished":"2020-05-13T13:26:08+00:00","dateModified":"2023-03-21T16:11:33+00:00","breadcrumb":{"@id":"https:\/\/www.eventure.fi\/en\/eventures-information-on-covid-19\/#breadcrumb"},"inLanguage":"en-US","potentialAction":[{"@type":"ReadAction","target":["https:\/\/www.eventure.fi\/en\/eventures-information-on-covid-19\/"]}]},{"@type":"BreadcrumbList","@id":"https:\/\/www.eventure.fi\/en\/eventures-information-on-covid-19\/#breadcrumb","itemListElement":[{"@type":"ListItem","position":1,"name":"Etusivu","item":"https:\/\/www.eventure.fi\/en\/"},{"@type":"ListItem","position":2,"name":"Eventure&#8217;s information on Covid-19"}]},{"@type":"WebSite","@id":"https:\/\/www.eventure.fi\/#website","url":"https:\/\/www.eventure.fi\/","name":"Eventure","description":"Toward new adventures!","potentialAction":[{"@type":"SearchAction","target":{"@type":"EntryPoint","urlTemplate":"https:\/\/www.eventure.fi\/?s={search_term_string}"},"query-input":{"@type":"PropertyValueSpecification","valueRequired":true,"valueName":"search_term_string"}}],"inLanguage":"en-US"}]}},"_links":{"self":[{"href":"https:\/\/www.eventure.fi\/en\/wp-json\/wp\/v2\/pages\/1803","targetHints":{"allow":["GET"]}}],"collection":[{"href":"https:\/\/www.eventure.fi\/en\/wp-json\/wp\/v2\/pages"}],"about":[{"href":"https:\/\/www.eventure.fi\/en\/wp-json\/wp\/v2\/types\/page"}],"author":[{"embeddable":true,"href":"https:\/\/www.eventure.fi\/en\/wp-json\/wp\/v2\/users\/2"}],"replies":[{"embeddable":true,"href":"https:\/\/www.eventure.fi\/en\/wp-json\/wp\/v2\/comments?post=1803"}],"version-history":[{"count":5,"href":"https:\/\/www.eventure.fi\/en\/wp-json\/wp\/v2\/pages\/1803\/revisions"}],"predecessor-version":[{"id":3491,"href":"https:\/\/www.eventure.fi\/en\/wp-json\/wp\/v2\/pages\/1803\/revisions\/3491"}],"wp:attachment":[{"href":"https:\/\/www.eventure.fi\/en\/wp-json\/wp\/v2\/media?parent=1803"}],"curies":[{"name":"wp","href":"https:\/\/api.w.org\/{rel}","templated":true}]}}