{"id":2807,"date":"2021-03-03T15:23:05","date_gmt":"2021-03-03T13:23:05","guid":{"rendered":"https:\/\/www.eventure.fi\/yritys-vastuullisuus\/"},"modified":"2025-05-07T16:19:14","modified_gmt":"2025-05-07T13:19:14","slug":"about-us-responsibility","status":"publish","type":"page","link":"https:\/\/www.eventure.fi\/en\/about-us-responsibility\/","title":{"rendered":"Responsibility"},"content":{"rendered":"<h1 style=\"text-align: center;\">Eventure Oy&#8217;s environmental program<\/h1>\n<ul>\n<li>We want to protect Finland&#8217;s beautiful and diverse nature and its animals with our own actions, so that future generations can enjoy them as well as we do.<\/li>\n<li>We are working to reduce unnecessary consumption, recycle and take advantage of the circular economy so that, together with other responsible companies, we can leave our own mark on saving the planet and repairing the effects of climate change.<\/li>\n<li>We try our best to provide ecological and rewarding events for work communities and other groups. By participating to these events, we get to know our (work-) friends better, improve the (work-) community and better understand the power of joyful working together. Not to forget the peace of mind you can get from nature.<\/li>\n<li>Eventure received the Green Activities sustainable tourism environmental certificate in March 2021, valid through 2025, demonstrating our company\u2019s commitment to environmental responsibility. However, we will not continue with the official Green Activities program after 2026, although we will maintain our responsible practices according to the same standards.<\/li>\n<li><span class=\"Y2IQFc\" lang=\"en\">In order for Eventure to respond to changing demand and secure its future, development must be sustainable. Eventure has completed the Sustainable Travel Finland (STF) program developed by Visit Finland for tourism companies and destinations, and as a result, was awarded the Sustainable Travel Finland label on February 9, 2022, valid through 2025. However, we will not continue with the official STF program after 2026, although we will maintain our responsible operations according to the same standards.<\/span><\/li>\n<\/ul>\n<p class=\"tw-data-text tw-text-large tw-ta\" dir=\"ltr\" data-placeholder=\"K\u00e4\u00e4nn\u00f6s\"><strong>But of course, it requires much more\u2026<\/strong><\/p>\n<p><img loading=\"lazy\" decoding=\"async\" class=\"size-medium wp-image-2003 aligncenter\" src=\"http:\/\/www.eventure.fi\/wp-content\/uploads\/2020\/08\/Eventure-4k-4-of-107-300x169.jpg\" alt=\"\" width=\"300\" height=\"169\" srcset=\"https:\/\/www.eventure.fi\/wp-content\/uploads\/2020\/08\/Eventure-4k-4-of-107-300x169.jpg 300w, https:\/\/www.eventure.fi\/wp-content\/uploads\/2020\/08\/Eventure-4k-4-of-107-1024x576.jpg 1024w, https:\/\/www.eventure.fi\/wp-content\/uploads\/2020\/08\/Eventure-4k-4-of-107-768x432.jpg 768w, https:\/\/www.eventure.fi\/wp-content\/uploads\/2020\/08\/Eventure-4k-4-of-107-1536x864.jpg 1536w, https:\/\/www.eventure.fi\/wp-content\/uploads\/2020\/08\/Eventure-4k-4-of-107.jpg 1920w\" sizes=\"auto, (max-width: 300px) 100vw, 300px\" \/><\/p>\n<h4 style=\"text-align: center;\"><strong>Yli-Takkulan tila&#8217;s historic farm is operated responsibly<\/strong><\/h4>\n<ul>\n<li>We operate in more than 100-year-old historic timber-framed buildings that we have repaired and refurbished to serve ecologically for the next 100 years.<\/li>\n<li>We use traditional and other water-soluble paints for repairs.<\/li>\n<li>We have installed energy-saving, air-purifying and healthier air heat pumps in 2021 Villa Takkula and in the warehouse.<\/li>\n<li>In the heating of Villa Takkula, we also save electricity by utilizing wood-heated heat-storing baking ovens and bowl ovens.<\/li>\n<li>The sauna and hot-tub have a wood-fired, cleanly burning, more environmentally friendly wood stove and fireplace.<\/li>\n<li>We use clean filtered water from our own borehole and a nearby spring as drinking and domestic water.<\/li>\n<li>We take environmental impacts, ecology and domesticity into account in our detergent choices.<\/li>\n<li>The water tanks in the toilet seats are equipped with a water-saving flush.<\/li>\n<li>We treat our own wastewater. We regularly service and inspect our wastewater treatment plants to ensure that the water returned to nature is as clean as possible.<\/li>\n<li>Waste from outdoor toilets is composted and the finished soil is utilized on our own site.<\/li>\n<li>We recycle all our waste properly and guide customers to do the same at our events. We sort, for example, plastic, cardboard, glass, metal, bio and other waste. After all, there is very little not recyclable waste left.<\/li>\n<\/ul>\n<p style=\"text-align: center;\"><strong>Diversity and inclusiveness<\/strong><\/p>\n<ul>\n<li>Everyone is welcome at Yli-Takkula farm and Eventure&#8217;s events and activities, regardless of ethnic origin, beliefs, gender, sexuality, health, ability to function or social class. We do not accept any form of discrimination.<\/li>\n<li>You can move along the walkways of the yard, e.g. with a wheelchair, when there is no snow. The Kota (Lappish shelter\/teepee) and the Barn Attic are accessible by wheelchair. Villa Takkula&#8217;s door openings are min. 80 cm wide and there are two steps at the entrance. Our permanent toilets are not suitable for wheelchair users, but we can order a movable toilet for the disabled for your event if necessary. Please let us know when booking if there are people with reduced mobility in your group and you would like to order a movable toilet for the disabled.<\/li>\n<\/ul>\n<p>&nbsp;<\/p>\n<p><img loading=\"lazy\" decoding=\"async\" class=\"size-medium wp-image-2017 aligncenter\" src=\"http:\/\/www.eventure.fi\/wp-content\/uploads\/2020\/08\/Eventure-4k-14-of-107-1-300x169.jpg\" alt=\"\" width=\"300\" height=\"169\" srcset=\"https:\/\/www.eventure.fi\/wp-content\/uploads\/2020\/08\/Eventure-4k-14-of-107-1-300x169.jpg 300w, https:\/\/www.eventure.fi\/wp-content\/uploads\/2020\/08\/Eventure-4k-14-of-107-1-1024x576.jpg 1024w, https:\/\/www.eventure.fi\/wp-content\/uploads\/2020\/08\/Eventure-4k-14-of-107-1-768x432.jpg 768w, https:\/\/www.eventure.fi\/wp-content\/uploads\/2020\/08\/Eventure-4k-14-of-107-1-1536x864.jpg 1536w, https:\/\/www.eventure.fi\/wp-content\/uploads\/2020\/08\/Eventure-4k-14-of-107-1.jpg 1920w\" sizes=\"auto, (max-width: 300px) 100vw, 300px\" \/><\/p>\n<h4 style=\"text-align: center;\"><strong>Towards new <em>responsible<\/em> adventures!<\/strong><\/h4>\n<ul>\n<li>We do not consume nature in vain and we never leave rubbish in nature. By setting an example, we also pick other people&#8217;s rubbish from nature during customer trips, and we also recommend this to our customers. We challenge our customers to bring with them at least one piece of rubbish they find on each of their own trips.<\/li>\n<li>In our programs, we respect the nature, animals, residents and outdoor enthusiasts of the area and always act in accordance with everyone&#8217;s rights and, for example, when moving in Nuuksio National Park in accordance with its rules.<\/li>\n<li>We are Mets\u00e4hallitus&#8217; (Forest Administration) partner and we pay attention to the principles of sustainable tourism in Mets\u00e4hallitus&#8217; nature services as well as Visit Finland&#8217;s principles of sustainable tourism in our operations.<\/li>\n<li>We do our best to implement a circular economy in our numerous programs and activities. We make cross-use of our existing activity equipment and supplies in many different activity programs. By regularly maintaining and repairing equipment, we extend its life decisively and thus reduce unnecessary purchase consumption. We also make new equipment purchases using the same criteria.<\/li>\n<li>We do not use motorized vehicles in our own activities, but move by walking, paddling, cycling, skiing, snowshoeing, etc.<\/li>\n<li>We ask customers to always come to our events by bus transportation and try to avoid arriving with cars.<\/li>\n<li>We employ and co-operate with entrepreneurs in the vicinity, renting equipment (one way and the other) and ordering, for example, guides, chefs, subcontracting programs, transport and property repairs and renovations in the vicinity. We choose cooperation partners who follow the same values as we do. Our goal is to develop long-term partnerships with our partners so that all parties benefit from the partnership. It is important to us that Eventure is a reliable and respected partner.<\/li>\n<li>Because our guides are at the forefront of serving our customers, we ensure that our guides:\n<ul>\n<li>Ensure that they always have valid first aid training<\/li>\n<li>Make sure they have downloaded the 112 application to their phone and know how to use it<\/li>\n<li>Are familiar with everyone&#8217;s rights, the rules of Nuuksio National Park and the principles of sustainable tourism<\/li>\n<li>Operate in accordance with the guidelines of TUKES \u201cPromoting the safety of program services\u201d (Safety rules for event makers)<\/li>\n<li>Before the start of the event, read through the event security plan and understand its content<\/li>\n<li>Take to the event a fully charged phone, protected from bumps and, if necessary, from getting wet, as well as a \u201cguide backpack\u201d that the program may require, with accessories to get you started in various unexpected situations.<\/li>\n<\/ul>\n<\/li>\n<li>Learn more about how Eventure takes care of security<\/li>\n<li>Read more about Eventure&#8217;s staff and guides<\/li>\n<\/ul>\n<p>&nbsp;<\/p>\n<p><img loading=\"lazy\" decoding=\"async\" class=\"size-medium wp-image-1929 aligncenter\" src=\"http:\/\/www.eventure.fi\/wp-content\/uploads\/2020\/08\/Eventure-stillit-12-of-28-1-300x200.jpg\" alt=\"\" width=\"300\" height=\"200\" srcset=\"https:\/\/www.eventure.fi\/wp-content\/uploads\/2020\/08\/Eventure-stillit-12-of-28-1-300x200.jpg 300w, https:\/\/www.eventure.fi\/wp-content\/uploads\/2020\/08\/Eventure-stillit-12-of-28-1-1024x683.jpg 1024w, https:\/\/www.eventure.fi\/wp-content\/uploads\/2020\/08\/Eventure-stillit-12-of-28-1-768x512.jpg 768w, https:\/\/www.eventure.fi\/wp-content\/uploads\/2020\/08\/Eventure-stillit-12-of-28-1-1536x1024.jpg 1536w, https:\/\/www.eventure.fi\/wp-content\/uploads\/2020\/08\/Eventure-stillit-12-of-28-1-2048x1365.jpg 2048w\" sizes=\"auto, (max-width: 300px) 100vw, 300px\" \/><\/p>\n<h4 style=\"text-align: center;\"><strong>Let&#8217;s eat smartly<\/strong><\/h4>\n<ul>\n<li>We utilize local and organic products in our meals, as well as wild plants and herbs, depending on the opportunities offered by the season.<\/li>\n<li>We do not normally use disposable tableware at all. If the group&#8217;s dining requires, for example, terrain conditions, group size, schedule, etc., we use ecologically biodegradable or responsibly produced and recyclable disposable tableware.<\/li>\n<li>We reduce food waste by directing customers&#8217; actions in connection with meals and by planning, for example, the presentation of meals, etc.<\/li>\n<li>After eating, any food waste is sorted into biowaste. Food waste and other biowaste are transferred for further processing to our own biocomposter. The finished product\/soil is utilized in our own field.<\/li>\n<\/ul>\n<p>&nbsp;<\/p>\n<p><img loading=\"lazy\" decoding=\"async\" class=\"size-medium wp-image-2013 aligncenter\" src=\"http:\/\/www.eventure.fi\/wp-content\/uploads\/2020\/08\/Eventure-4k-12-of-107-1-300x169.jpg\" alt=\"\" width=\"300\" height=\"169\" srcset=\"https:\/\/www.eventure.fi\/wp-content\/uploads\/2020\/08\/Eventure-4k-12-of-107-1-300x169.jpg 300w, https:\/\/www.eventure.fi\/wp-content\/uploads\/2020\/08\/Eventure-4k-12-of-107-1-1024x576.jpg 1024w, https:\/\/www.eventure.fi\/wp-content\/uploads\/2020\/08\/Eventure-4k-12-of-107-1-768x432.jpg 768w, https:\/\/www.eventure.fi\/wp-content\/uploads\/2020\/08\/Eventure-4k-12-of-107-1-1536x864.jpg 1536w, https:\/\/www.eventure.fi\/wp-content\/uploads\/2020\/08\/Eventure-4k-12-of-107-1.jpg 1728w\" sizes=\"auto, (max-width: 300px) 100vw, 300px\" \/><\/p>\n<h4 style=\"text-align: center;\"><strong>Let&#8217;s tip to others<\/strong><\/h4>\n<ul>\n<li>We are happy to tell our customers about the importance of sustainable tourism and how everyone can, with their small choices, promote something that is important to all of us, such as sorting and nature-friendly movement in nature.<\/li>\n<li>We often chat with outdoor enthusiasts in the area about the great hiking opportunities in Nuuksio National Park, as well as the rights of every man and the rules of Nuuksio National Park, which sometimes get a little confused.<\/li>\n<li>As our guides are important &#8220;business cards&#8221; and resources for our operations, we ensure that our guides are familiar with and committed to Eventure&#8217;s environmental program and tell our customers about environmental work at the most convenient times.<\/li>\n<\/ul>\n<p>&nbsp;<\/p>\n<p><img loading=\"lazy\" decoding=\"async\" class=\"size-medium wp-image-814 aligncenter\" src=\"http:\/\/www.eventure.fi\/wp-content\/uploads\/2016\/03\/IMG_0093-10.10.2014-300x200.jpg\" alt=\"\" width=\"300\" height=\"200\" srcset=\"https:\/\/www.eventure.fi\/wp-content\/uploads\/2016\/03\/IMG_0093-10.10.2014-300x200.jpg 300w, https:\/\/www.eventure.fi\/wp-content\/uploads\/2016\/03\/IMG_0093-10.10.2014-768x512.jpg 768w, https:\/\/www.eventure.fi\/wp-content\/uploads\/2016\/03\/IMG_0093-10.10.2014-1024x683.jpg 1024w\" sizes=\"auto, (max-width: 300px) 100vw, 300px\" \/><\/p>\n<h4 style=\"text-align: center;\"><strong>Towards even more responsible action in the future!<\/strong><\/h4>\n<ul>\n<li style=\"list-style-type: none;\">\n<ul>\n<li>While we strive to consider sustainable and responsible business in all areas, we always have something to learn. We are ready to renew our services and products so that there will be sufficient demand for them in the future as well. A stable economy and ethical business create the basis for the sustainable and responsible development of operations.<\/li>\n<li>By developing our services and products above quality, we create the conditions for the continuity of our own operations.<\/li>\n<li>We installed new energy-saving air source heat pumps on 1\/2021.<\/li>\n<li>On 3\/2021, we made a commitment to sustainable development, with which we commit ourselves to promoting the realization of Finland&#8217;s social commitment, aiming at the common goal \u201cFinland we want by 2050\u201d.<\/li>\n<li>We will investigate the replacement of the waste treatment plant with a more ecological ground filtration plant when it is time to replace our waste treatment plant.<\/li>\n<li>We hope that by 2027 we will be able to install solar panels and heat collectors to Yli-Takkulan tila, which would cover a large part of electricity consumption.<\/li>\n<\/ul>\n<p>&nbsp;<\/p>\n<p>Let&#8217;s take care of the future together!<\/p>\n<p>&nbsp;<\/p>\n<p>Regards<\/p>\n<p>&nbsp;<\/p>\n<p>Eventure team<\/p>\n<p>&nbsp;<\/li>\n<\/ul>\n","protected":false},"excerpt":{"rendered":"<p>Eventure Oy&#8217;s environmental program We want to protect Finland&#8217;s beautiful and diverse nature and its animals with our own actions, so that future generations can enjoy them as well as we do. We are working to reduce unnecessary consumption, recycle and take advantage of the circular economy so that, together with other responsible companies, we [&hellip;]<\/p>\n","protected":false},"author":2,"featured_media":0,"parent":0,"menu_order":0,"comment_status":"closed","ping_status":"closed","template":"","meta":{"footnotes":""},"class_list":["post-2807","page","type-page","status-publish","hentry"],"yoast_head":"<!-- This site is optimized with the Yoast SEO plugin v27.3 - https:\/\/yoast.com\/product\/yoast-seo-wordpress\/ -->\n<title>kest\u00e4v\u00e4 matkailu espoo, vastuullisuus espoo, kest\u00e4v\u00e4 kehitys espoo,<\/title>\n<meta name=\"description\" content=\"Vastuullinen ja kest\u00e4v\u00e4n matkailun mukainen toiminta on Eventuren toiminnan kulmakivi. Valitse vastuullinen tilaisuuden toteuttaja.\" \/>\n<meta name=\"robots\" content=\"index, follow, max-snippet:-1, max-image-preview:large, max-video-preview:-1\" \/>\n<link rel=\"canonical\" href=\"https:\/\/www.eventure.fi\/en\/about-us-responsibility\/\" \/>\n<meta property=\"og:locale\" content=\"en_US\" \/>\n<meta property=\"og:type\" content=\"article\" \/>\n<meta property=\"og:title\" content=\"kest\u00e4v\u00e4 matkailu espoo, vastuullisuus espoo, kest\u00e4v\u00e4 kehitys espoo,\" \/>\n<meta property=\"og:description\" content=\"Vastuullinen ja kest\u00e4v\u00e4n matkailun mukainen toiminta on Eventuren toiminnan kulmakivi. Valitse vastuullinen tilaisuuden toteuttaja.\" \/>\n<meta property=\"og:url\" content=\"https:\/\/www.eventure.fi\/en\/about-us-responsibility\/\" \/>\n<meta property=\"og:site_name\" content=\"Eventure\" \/>\n<meta property=\"article:modified_time\" content=\"2025-05-07T13:19:14+00:00\" \/>\n<meta property=\"og:image\" content=\"https:\/\/www.eventure.fi\/wp-content\/uploads\/2020\/08\/Eventure-4k-4-of-107.jpg\" \/>\n\t<meta property=\"og:image:width\" content=\"1920\" \/>\n\t<meta property=\"og:image:height\" content=\"1080\" \/>\n\t<meta property=\"og:image:type\" content=\"image\/jpeg\" \/>\n<meta name=\"twitter:card\" content=\"summary_large_image\" \/>\n<meta name=\"twitter:label1\" content=\"Est. reading time\" \/>\n\t<meta name=\"twitter:data1\" content=\"11 minutes\" \/>\n<script type=\"application\/ld+json\" class=\"yoast-schema-graph\">{\"@context\":\"https:\\\/\\\/schema.org\",\"@graph\":[{\"@type\":\"WebPage\",\"@id\":\"https:\\\/\\\/www.eventure.fi\\\/en\\\/about-us-responsibility\\\/\",\"url\":\"https:\\\/\\\/www.eventure.fi\\\/en\\\/about-us-responsibility\\\/\",\"name\":\"kest\u00e4v\u00e4 matkailu espoo, vastuullisuus espoo, kest\u00e4v\u00e4 kehitys espoo,\",\"isPartOf\":{\"@id\":\"https:\\\/\\\/www.eventure.fi\\\/#website\"},\"primaryImageOfPage\":{\"@id\":\"https:\\\/\\\/www.eventure.fi\\\/en\\\/about-us-responsibility\\\/#primaryimage\"},\"image\":{\"@id\":\"https:\\\/\\\/www.eventure.fi\\\/en\\\/about-us-responsibility\\\/#primaryimage\"},\"thumbnailUrl\":\"http:\\\/\\\/www.eventure.fi\\\/wp-content\\\/uploads\\\/2020\\\/08\\\/Eventure-4k-4-of-107-300x169.jpg\",\"datePublished\":\"2021-03-03T13:23:05+00:00\",\"dateModified\":\"2025-05-07T13:19:14+00:00\",\"description\":\"Vastuullinen ja kest\u00e4v\u00e4n matkailun mukainen toiminta on Eventuren toiminnan kulmakivi. Valitse vastuullinen tilaisuuden toteuttaja.\",\"breadcrumb\":{\"@id\":\"https:\\\/\\\/www.eventure.fi\\\/en\\\/about-us-responsibility\\\/#breadcrumb\"},\"inLanguage\":\"en-US\",\"potentialAction\":[{\"@type\":\"ReadAction\",\"target\":[\"https:\\\/\\\/www.eventure.fi\\\/en\\\/about-us-responsibility\\\/\"]}]},{\"@type\":\"ImageObject\",\"inLanguage\":\"en-US\",\"@id\":\"https:\\\/\\\/www.eventure.fi\\\/en\\\/about-us-responsibility\\\/#primaryimage\",\"url\":\"http:\\\/\\\/www.eventure.fi\\\/wp-content\\\/uploads\\\/2020\\\/08\\\/Eventure-4k-4-of-107-300x169.jpg\",\"contentUrl\":\"http:\\\/\\\/www.eventure.fi\\\/wp-content\\\/uploads\\\/2020\\\/08\\\/Eventure-4k-4-of-107-300x169.jpg\"},{\"@type\":\"BreadcrumbList\",\"@id\":\"https:\\\/\\\/www.eventure.fi\\\/en\\\/about-us-responsibility\\\/#breadcrumb\",\"itemListElement\":[{\"@type\":\"ListItem\",\"position\":1,\"name\":\"Etusivu\",\"item\":\"https:\\\/\\\/www.eventure.fi\\\/en\\\/\"},{\"@type\":\"ListItem\",\"position\":2,\"name\":\"Responsibility\"}]},{\"@type\":\"WebSite\",\"@id\":\"https:\\\/\\\/www.eventure.fi\\\/#website\",\"url\":\"https:\\\/\\\/www.eventure.fi\\\/\",\"name\":\"Eventure\",\"description\":\"Toward new adventures!\",\"potentialAction\":[{\"@type\":\"SearchAction\",\"target\":{\"@type\":\"EntryPoint\",\"urlTemplate\":\"https:\\\/\\\/www.eventure.fi\\\/?s={search_term_string}\"},\"query-input\":{\"@type\":\"PropertyValueSpecification\",\"valueRequired\":true,\"valueName\":\"search_term_string\"}}],\"inLanguage\":\"en-US\"}]}<\/script>\n<!-- \/ Yoast SEO plugin. -->","yoast_head_json":{"title":"kest\u00e4v\u00e4 matkailu espoo, vastuullisuus espoo, kest\u00e4v\u00e4 kehitys espoo,","description":"Vastuullinen ja kest\u00e4v\u00e4n matkailun mukainen toiminta on Eventuren toiminnan kulmakivi. Valitse vastuullinen tilaisuuden toteuttaja.","robots":{"index":"index","follow":"follow","max-snippet":"max-snippet:-1","max-image-preview":"max-image-preview:large","max-video-preview":"max-video-preview:-1"},"canonical":"https:\/\/www.eventure.fi\/en\/about-us-responsibility\/","og_locale":"en_US","og_type":"article","og_title":"kest\u00e4v\u00e4 matkailu espoo, vastuullisuus espoo, kest\u00e4v\u00e4 kehitys espoo,","og_description":"Vastuullinen ja kest\u00e4v\u00e4n matkailun mukainen toiminta on Eventuren toiminnan kulmakivi. Valitse vastuullinen tilaisuuden toteuttaja.","og_url":"https:\/\/www.eventure.fi\/en\/about-us-responsibility\/","og_site_name":"Eventure","article_modified_time":"2025-05-07T13:19:14+00:00","og_image":[{"width":1920,"height":1080,"url":"https:\/\/www.eventure.fi\/wp-content\/uploads\/2020\/08\/Eventure-4k-4-of-107.jpg","type":"image\/jpeg"}],"twitter_card":"summary_large_image","twitter_misc":{"Est. reading time":"11 minutes"},"schema":{"@context":"https:\/\/schema.org","@graph":[{"@type":"WebPage","@id":"https:\/\/www.eventure.fi\/en\/about-us-responsibility\/","url":"https:\/\/www.eventure.fi\/en\/about-us-responsibility\/","name":"kest\u00e4v\u00e4 matkailu espoo, vastuullisuus espoo, kest\u00e4v\u00e4 kehitys espoo,","isPartOf":{"@id":"https:\/\/www.eventure.fi\/#website"},"primaryImageOfPage":{"@id":"https:\/\/www.eventure.fi\/en\/about-us-responsibility\/#primaryimage"},"image":{"@id":"https:\/\/www.eventure.fi\/en\/about-us-responsibility\/#primaryimage"},"thumbnailUrl":"http:\/\/www.eventure.fi\/wp-content\/uploads\/2020\/08\/Eventure-4k-4-of-107-300x169.jpg","datePublished":"2021-03-03T13:23:05+00:00","dateModified":"2025-05-07T13:19:14+00:00","description":"Vastuullinen ja kest\u00e4v\u00e4n matkailun mukainen toiminta on Eventuren toiminnan kulmakivi. Valitse vastuullinen tilaisuuden toteuttaja.","breadcrumb":{"@id":"https:\/\/www.eventure.fi\/en\/about-us-responsibility\/#breadcrumb"},"inLanguage":"en-US","potentialAction":[{"@type":"ReadAction","target":["https:\/\/www.eventure.fi\/en\/about-us-responsibility\/"]}]},{"@type":"ImageObject","inLanguage":"en-US","@id":"https:\/\/www.eventure.fi\/en\/about-us-responsibility\/#primaryimage","url":"http:\/\/www.eventure.fi\/wp-content\/uploads\/2020\/08\/Eventure-4k-4-of-107-300x169.jpg","contentUrl":"http:\/\/www.eventure.fi\/wp-content\/uploads\/2020\/08\/Eventure-4k-4-of-107-300x169.jpg"},{"@type":"BreadcrumbList","@id":"https:\/\/www.eventure.fi\/en\/about-us-responsibility\/#breadcrumb","itemListElement":[{"@type":"ListItem","position":1,"name":"Etusivu","item":"https:\/\/www.eventure.fi\/en\/"},{"@type":"ListItem","position":2,"name":"Responsibility"}]},{"@type":"WebSite","@id":"https:\/\/www.eventure.fi\/#website","url":"https:\/\/www.eventure.fi\/","name":"Eventure","description":"Toward new adventures!","potentialAction":[{"@type":"SearchAction","target":{"@type":"EntryPoint","urlTemplate":"https:\/\/www.eventure.fi\/?s={search_term_string}"},"query-input":{"@type":"PropertyValueSpecification","valueRequired":true,"valueName":"search_term_string"}}],"inLanguage":"en-US"}]}},"_links":{"self":[{"href":"https:\/\/www.eventure.fi\/en\/wp-json\/wp\/v2\/pages\/2807","targetHints":{"allow":["GET"]}}],"collection":[{"href":"https:\/\/www.eventure.fi\/en\/wp-json\/wp\/v2\/pages"}],"about":[{"href":"https:\/\/www.eventure.fi\/en\/wp-json\/wp\/v2\/types\/page"}],"author":[{"embeddable":true,"href":"https:\/\/www.eventure.fi\/en\/wp-json\/wp\/v2\/users\/2"}],"replies":[{"embeddable":true,"href":"https:\/\/www.eventure.fi\/en\/wp-json\/wp\/v2\/comments?post=2807"}],"version-history":[{"count":5,"href":"https:\/\/www.eventure.fi\/en\/wp-json\/wp\/v2\/pages\/2807\/revisions"}],"predecessor-version":[{"id":4094,"href":"https:\/\/www.eventure.fi\/en\/wp-json\/wp\/v2\/pages\/2807\/revisions\/4094"}],"wp:attachment":[{"href":"https:\/\/www.eventure.fi\/en\/wp-json\/wp\/v2\/media?parent=2807"}],"curies":[{"name":"wp","href":"https:\/\/api.w.org\/{rel}","templated":true}]}}